{"id":16,"date":"2024-11-05T22:31:54","date_gmt":"2024-11-05T22:31:54","guid":{"rendered":"https:\/\/jordnararesor.se\/?page_id=16"},"modified":"2024-11-05T23:51:05","modified_gmt":"2024-11-05T23:51:05","slug":"kontakt","status":"publish","type":"page","link":"https:\/\/jordnararesor.se\/index.php\/kontakt\/","title":{"rendered":"Kontakt"},"content":{"rendered":"\t\t<div data-elementor-type=\"wp-page\" data-elementor-id=\"16\" class=\"elementor elementor-16\">\n\t\t\t\t<div class=\"elementor-element elementor-element-15e90479 e-flex e-con-boxed e-con e-parent\" data-id=\"15e90479\" data-element_type=\"container\">\n\t\t\t\t\t<div class=\"e-con-inner\">\n\t\t\t\t<div class=\"elementor-element elementor-element-4e4c8e99 elementor-widget elementor-widget-text-editor\" data-id=\"4e4c8e99\" data-element_type=\"widget\" data-widget_type=\"text-editor.default\">\n\t\t\t\t<div class=\"elementor-widget-container\">\n\t\t\t\t\t\t\t<p><!-- wp:columns {\"align\":\"full\"} --><\/p>\n<div class=\"wp-block-columns alignfull\">\n<p><!-- wp:column --><\/p>\n<div class=\"wp-block-column\">\n<p><!-- wp:html --><\/p>\n<div style=\"width: 100%;\">\n    <iframe width=\"100%\" height=\"400\" frameborder=\"0\" scrolling=\"no\" marginheight=\"0\" marginwidth=\"0\" src=\"https:\/\/maps.google.com\/maps?width=100%25&amp;height=400&amp;hl=en&amp;q=Friggagatan%203A,%20Goteborg+(Grounded%20Trips%20Office)&amp;t=&amp;z=14&amp;ie=UTF8&amp;iwloc=B&amp;output=embed\"><\/iframe>\n<\/div>\n<p><!-- \/wp:html --><\/p>\n<p><!-- wp:paragraph --><\/p>\n<p><!-- \/wp:paragraph --><\/p>\n<\/div>\n<p><!-- \/wp:column --><\/p>\n<\/div>\n<p><!-- \/wp:columns --><\/p>\n<p><!-- wp:columns {\"className\":\"container\"} --><\/p>\n<div class=\"wp-block-columns container\">\n<p><!-- wp:column {\"verticalAlignment\":\"center\"} --><\/p>\n<div class=\"wp-block-column is-vertically-aligned-center\">\n<p><!-- wp:heading {\"className\":\"hestia-title\"} --><\/p>\n<h2 class=\"hestia-title\">Skicka meddelande till oss<\/h2>\n<p><!-- \/wp:spacer --><\/p>\n<p><!-- wp:html --><\/p>\n<div class=\"contact-wrapper\">\n<div class=\"content\">\n<form>\n<div class=\"form-group\"><input type=\"text\" id=\"fname\" name=\"firstname\" placeholder=\"Namn..\"><\/div>\n<div class=\"form-group\"><input type=\"text\" id=\"lname\" name=\"lastname\" placeholder=\"Efternamn..\"><\/div>\n<div class=\"form-group\"><textarea id=\"subject\" name=\"subject\" placeholder=\"Meddelande..\" style=\"height: 200px;\"><\/textarea><\/div>\n<p><input type=\"submit\" value=\"Skicka\"><\/p>\n<\/form>\n<\/div>\n<\/div>\n<p><!-- \/wp:html --><\/p>\n<\/div>\n<p><!-- \/wp:column --><\/p>\n<p><!-- wp:column {\"verticalAlignment\":\"center\"} --><\/p>\n<div class=\"wp-block-column is-vertically-aligned-center\">\n<p><!-- wp:columns --><\/p>\n<div class=\"wp-block-columns\">\n<p><!-- wp:column --><\/p>\n<div class=\"wp-block-column\"><\/div>\n<p><!-- \/wp:column --><\/p>\n<p><!-- wp:column {\"width\":\"50%\"} --><\/p>\n<div class=\"wp-block-column\" style=\"flex-basis: 50%;\">\n<p><!-- wp:heading {\"textAlign\":\"left\",\"level\":4,\"className\":\"hestia-title\",\"style\":{\"typography\":{\"fontSize\":18},\"color\":{\"text\":\"#3c4858\"}}} --><\/p>\n<h4 class=\"has-text-align-left hestia-title has-text-color\" style=\"color: #3c4858; font-size: 18px;\">\n    <img decoding=\"async\" class=\"wp-image-86\" style=\"width: 25px;\" src=\"https:\/\/jordnararesor.se\/wp-content\/themes\/hestia\/assets\/img\/contact1.png\" alt=\"Map icon\"> Bes\u00f6k oss p\u00e5 kontoret<br>\n<\/h4>\n<p><!-- \/wp:heading --><\/p>\n<p><!-- wp:paragraph {\"align\":\"left\",\"style\":{\"typography\":{\"fontSize\":14},\"color\":{\"text\":\"#999999\"}}} --><\/p>\n<p class=\"has-text-align-left has-text-color\" style=\"color: #999999; font-size: 14px;\">\n    Friggagatan 3A<br>411 01 G\u00f6teborg\n<\/p>\n<p><!-- \/wp:paragraph --><\/p>\n<p><!-- wp:spacer {\"height\":40} --><\/p>\n<div style=\"height: 40px;\" aria-hidden=\"true\" class=\"wp-block-spacer\"><\/div>\n<p><!-- \/wp:spacer --><\/p>\n<p><!-- wp:heading {\"textAlign\":\"left\",\"level\":4,\"className\":\"hestia-title\",\"style\":{\"typography\":{\"fontSize\":18},\"color\":{\"text\":\"#3c4858\"}}} --><\/p>\n<h4 class=\"has-text-align-left hestia-title has-text-color\" style=\"color: #3c4858; font-size: 18px;\">\n    <img decoding=\"async\" class=\"wp-image-98\" style=\"width: 25px;\" src=\"https:\/\/jordnararesor.se\/wp-content\/themes\/hestia\/assets\/img\/contact2.png\" alt=\"\"> Ring oss<br>\n<\/h4>\n<p><!-- \/wp:heading --><\/p>\n<p><!-- wp:paragraph {\"align\":\"left\",\"style\":{\"color\":{\"text\":\"#999999\"},\"typography\":{\"fontSize\":14}}} --><\/p>\n<p class=\"has-text-align-left has-text-color\" style=\"color: #999999; font-size: 14px;\">\n    Linn \u00c5kesson<br>+46 10-213 63 78<br>M\u00e5n &#8211; Fre, 9:00-17:00\n<\/p>\n<p><!-- \/wp:paragraph --><\/p>\n<p><!-- wp:spacer {\"height\":40} --><\/p>\n<div style=\"height: 40px;\" aria-hidden=\"true\" class=\"wp-block-spacer\"><\/div>\n<p><!-- \/wp:spacer --><\/p>\n<p><!-- wp:heading {\"textAlign\":\"left\",\"level\":4,\"className\":\"hestia-title\",\"style\":{\"color\":{\"text\":\"#3c4858\"},\"typography\":{\"fontSize\":18}}} --><\/p>\n<h4 class=\"has-text-align-left hestia-title has-text-color\" style=\"color: #3c4858; font-size: 18px;\">\n    <img decoding=\"async\" class=\"wp-image-105\" style=\"width: 25px;\" src=\"https:\/\/jordnararesor.se\/wp-content\/themes\/hestia\/assets\/img\/contact3.png\" alt=\"\"><strong> F\u00f6retag<\/strong><br>\n<\/h4>\n<p><!-- \/wp:heading --><\/p>\n<p><!-- wp:paragraph {\"align\":\"left\",\"style\":{\"color\":{\"text\":\"#999999\"},\"typography\":{\"fontSize\":14}}} --><\/p>\n<p class=\"has-text-align-left has-text-color\" style=\"color: #999999; font-size: 14px;\">\n    Grounded Trips AB<br>Orgnr: 559878-5548\n<\/p>\n<p><!-- \/wp:paragraph --><\/p>\n<\/div>\n<p><!-- \/wp:column --><\/p>\n<p><!-- wp:column --><\/p>\n<div class=\"wp-block-column\"><\/div>\n<p><!-- \/wp:column --><\/p>\n<\/div>\n<p><!-- \/wp:columns --><\/p>\n<\/div>\n<p><!-- \/wp:column --><\/p>\n<\/div>\n<p><!-- \/wp:columns --><\/p>\n<p><!-- wp:paragraph --><\/p>\n<p><!-- \/wp:paragraph --><\/p>\n<p><!-- wp:paragraph --><\/p>\n<p><br><\/p>\n<p><!-- \/wp:paragraph --><\/p>\t\t\t\t\t\t<\/div>\n\t\t\t\t<\/div>\n\t\t\t\t\t<\/div>\n\t\t\t\t<\/div>\n\t\t\t\t<\/div>\n\t\t","protected":false},"excerpt":{"rendered":"<p>Skicka meddelande till oss Bes\u00f6k oss p\u00e5 kontoret Friggagatan 3A411 01 G\u00f6teborg Ring oss Linn \u00c5kesson+46 10-213 63 78M\u00e5n &#8211; Fre, 9:00-17:00 F\u00f6retag Grounded Trips ABOrgnr: 559878-5548<\/p>\n","protected":false},"author":1,"featured_media":8,"parent":0,"menu_order":0,"comment_status":"closed","ping_status":"closed","template":"page-templates\/template-pagebuilder-full-width.php","meta":{"footnotes":""},"class_list":["post-16","page","type-page","status-publish","has-post-thumbnail","hentry"],"yoast_head":"<!-- This site is optimized with the Yoast SEO plugin v23.8 - https:\/\/yoast.com\/wordpress\/plugins\/seo\/ -->\n<title>Kontakt -<\/title>\n<meta name=\"robots\" content=\"index, follow, max-snippet:-1, max-image-preview:large, max-video-preview:-1\" \/>\n<link rel=\"canonical\" href=\"https:\/\/jordnararesor.se\/index.php\/kontakt\/\" \/>\n<meta property=\"og:locale\" content=\"sv_SE\" \/>\n<meta property=\"og:type\" content=\"article\" \/>\n<meta property=\"og:title\" content=\"Kontakt -\" \/>\n<meta property=\"og:description\" content=\"Skicka meddelande till oss Bes\u00f6k oss p\u00e5 kontoret Friggagatan 3A411 01 G\u00f6teborg Ring oss Linn \u00c5kesson+46 10-213 63 78M\u00e5n &#8211; Fre, 9:00-17:00 F\u00f6retag Grounded Trips ABOrgnr: 559878-5548\" \/>\n<meta property=\"og:url\" content=\"https:\/\/jordnararesor.se\/index.php\/kontakt\/\" \/>\n<meta property=\"article:modified_time\" content=\"2024-11-05T23:51:05+00:00\" \/>\n<meta property=\"og:image\" content=\"https:\/\/jordnararesor.se\/wp-content\/uploads\/2024\/11\/slider1.jpg\" \/>\n\t<meta property=\"og:image:width\" content=\"1104\" \/>\n\t<meta property=\"og:image:height\" content=\"621\" \/>\n\t<meta property=\"og:image:type\" content=\"image\/jpeg\" \/>\n<meta name=\"twitter:card\" content=\"summary_large_image\" \/>\n<meta name=\"twitter:label1\" content=\"Ber\u00e4knad l\u00e4stid\" \/>\n\t<meta name=\"twitter:data1\" content=\"1 minut\" \/>\n<script type=\"application\/ld+json\" class=\"yoast-schema-graph\">{\"@context\":\"https:\/\/schema.org\",\"@graph\":[{\"@type\":\"WebPage\",\"@id\":\"https:\/\/jordnararesor.se\/index.php\/kontakt\/\",\"url\":\"https:\/\/jordnararesor.se\/index.php\/kontakt\/\",\"name\":\"Kontakt -\",\"isPartOf\":{\"@id\":\"https:\/\/jordnararesor.se\/#website\"},\"primaryImageOfPage\":{\"@id\":\"https:\/\/jordnararesor.se\/index.php\/kontakt\/#primaryimage\"},\"image\":{\"@id\":\"https:\/\/jordnararesor.se\/index.php\/kontakt\/#primaryimage\"},\"thumbnailUrl\":\"https:\/\/jordnararesor.se\/wp-content\/uploads\/2024\/11\/slider1.jpg\",\"datePublished\":\"2024-11-05T22:31:54+00:00\",\"dateModified\":\"2024-11-05T23:51:05+00:00\",\"breadcrumb\":{\"@id\":\"https:\/\/jordnararesor.se\/index.php\/kontakt\/#breadcrumb\"},\"inLanguage\":\"sv-SE\",\"potentialAction\":[{\"@type\":\"ReadAction\",\"target\":[\"https:\/\/jordnararesor.se\/index.php\/kontakt\/\"]}]},{\"@type\":\"ImageObject\",\"inLanguage\":\"sv-SE\",\"@id\":\"https:\/\/jordnararesor.se\/index.php\/kontakt\/#primaryimage\",\"url\":\"https:\/\/jordnararesor.se\/wp-content\/uploads\/2024\/11\/slider1.jpg\",\"contentUrl\":\"https:\/\/jordnararesor.se\/wp-content\/uploads\/2024\/11\/slider1.jpg\",\"width\":1104,\"height\":621},{\"@type\":\"BreadcrumbList\",\"@id\":\"https:\/\/jordnararesor.se\/index.php\/kontakt\/#breadcrumb\",\"itemListElement\":[{\"@type\":\"ListItem\",\"position\":1,\"name\":\"Hem\",\"item\":\"https:\/\/jordnararesor.se\/\"},{\"@type\":\"ListItem\",\"position\":2,\"name\":\"Kontakt\"}]},{\"@type\":\"WebSite\",\"@id\":\"https:\/\/jordnararesor.se\/#website\",\"url\":\"https:\/\/jordnararesor.se\/\",\"name\":\"\",\"description\":\"Din h\u00e5llbara resebyr\u00e5\",\"potentialAction\":[{\"@type\":\"SearchAction\",\"target\":{\"@type\":\"EntryPoint\",\"urlTemplate\":\"https:\/\/jordnararesor.se\/?s={search_term_string}\"},\"query-input\":{\"@type\":\"PropertyValueSpecification\",\"valueRequired\":true,\"valueName\":\"search_term_string\"}}],\"inLanguage\":\"sv-SE\"}]}<\/script>\n<!-- \/ Yoast SEO plugin. -->","yoast_head_json":{"title":"Kontakt -","robots":{"index":"index","follow":"follow","max-snippet":"max-snippet:-1","max-image-preview":"max-image-preview:large","max-video-preview":"max-video-preview:-1"},"canonical":"https:\/\/jordnararesor.se\/index.php\/kontakt\/","og_locale":"sv_SE","og_type":"article","og_title":"Kontakt -","og_description":"Skicka meddelande till oss Bes\u00f6k oss p\u00e5 kontoret Friggagatan 3A411 01 G\u00f6teborg Ring oss Linn \u00c5kesson+46 10-213 63 78M\u00e5n &#8211; Fre, 9:00-17:00 F\u00f6retag Grounded Trips ABOrgnr: 559878-5548","og_url":"https:\/\/jordnararesor.se\/index.php\/kontakt\/","article_modified_time":"2024-11-05T23:51:05+00:00","og_image":[{"width":1104,"height":621,"url":"https:\/\/jordnararesor.se\/wp-content\/uploads\/2024\/11\/slider1.jpg","type":"image\/jpeg"}],"twitter_card":"summary_large_image","twitter_misc":{"Ber\u00e4knad l\u00e4stid":"1 minut"},"schema":{"@context":"https:\/\/schema.org","@graph":[{"@type":"WebPage","@id":"https:\/\/jordnararesor.se\/index.php\/kontakt\/","url":"https:\/\/jordnararesor.se\/index.php\/kontakt\/","name":"Kontakt -","isPartOf":{"@id":"https:\/\/jordnararesor.se\/#website"},"primaryImageOfPage":{"@id":"https:\/\/jordnararesor.se\/index.php\/kontakt\/#primaryimage"},"image":{"@id":"https:\/\/jordnararesor.se\/index.php\/kontakt\/#primaryimage"},"thumbnailUrl":"https:\/\/jordnararesor.se\/wp-content\/uploads\/2024\/11\/slider1.jpg","datePublished":"2024-11-05T22:31:54+00:00","dateModified":"2024-11-05T23:51:05+00:00","breadcrumb":{"@id":"https:\/\/jordnararesor.se\/index.php\/kontakt\/#breadcrumb"},"inLanguage":"sv-SE","potentialAction":[{"@type":"ReadAction","target":["https:\/\/jordnararesor.se\/index.php\/kontakt\/"]}]},{"@type":"ImageObject","inLanguage":"sv-SE","@id":"https:\/\/jordnararesor.se\/index.php\/kontakt\/#primaryimage","url":"https:\/\/jordnararesor.se\/wp-content\/uploads\/2024\/11\/slider1.jpg","contentUrl":"https:\/\/jordnararesor.se\/wp-content\/uploads\/2024\/11\/slider1.jpg","width":1104,"height":621},{"@type":"BreadcrumbList","@id":"https:\/\/jordnararesor.se\/index.php\/kontakt\/#breadcrumb","itemListElement":[{"@type":"ListItem","position":1,"name":"Hem","item":"https:\/\/jordnararesor.se\/"},{"@type":"ListItem","position":2,"name":"Kontakt"}]},{"@type":"WebSite","@id":"https:\/\/jordnararesor.se\/#website","url":"https:\/\/jordnararesor.se\/","name":"","description":"Din h\u00e5llbara resebyr\u00e5","potentialAction":[{"@type":"SearchAction","target":{"@type":"EntryPoint","urlTemplate":"https:\/\/jordnararesor.se\/?s={search_term_string}"},"query-input":{"@type":"PropertyValueSpecification","valueRequired":true,"valueName":"search_term_string"}}],"inLanguage":"sv-SE"}]}},"_links":{"self":[{"href":"https:\/\/jordnararesor.se\/index.php\/wp-json\/wp\/v2\/pages\/16","targetHints":{"allow":["GET"]}}],"collection":[{"href":"https:\/\/jordnararesor.se\/index.php\/wp-json\/wp\/v2\/pages"}],"about":[{"href":"https:\/\/jordnararesor.se\/index.php\/wp-json\/wp\/v2\/types\/page"}],"author":[{"embeddable":true,"href":"https:\/\/jordnararesor.se\/index.php\/wp-json\/wp\/v2\/users\/1"}],"replies":[{"embeddable":true,"href":"https:\/\/jordnararesor.se\/index.php\/wp-json\/wp\/v2\/comments?post=16"}],"version-history":[{"count":25,"href":"https:\/\/jordnararesor.se\/index.php\/wp-json\/wp\/v2\/pages\/16\/revisions"}],"predecessor-version":[{"id":101,"href":"https:\/\/jordnararesor.se\/index.php\/wp-json\/wp\/v2\/pages\/16\/revisions\/101"}],"wp:featuredmedia":[{"embeddable":true,"href":"https:\/\/jordnararesor.se\/index.php\/wp-json\/wp\/v2\/media\/8"}],"wp:attachment":[{"href":"https:\/\/jordnararesor.se\/index.php\/wp-json\/wp\/v2\/media?parent=16"}],"curies":[{"name":"wp","href":"https:\/\/api.w.org\/{rel}","templated":true}]}}